{"id":1257,"date":"2016-06-21T20:35:54","date_gmt":"2016-06-21T20:35:54","guid":{"rendered":"http:\/\/coin-ecureuil.com\/?page_id=1257"},"modified":"2016-06-21T21:56:24","modified_gmt":"2016-06-21T21:56:24","slug":"quarts-de-coeur","status":"publish","type":"page","link":"http:\/\/coin-ecureuil.com\/?page_id=1257","title":{"rendered":"Quarts de c\u0153ur"},"content":{"rendered":"<p><a href=\"http:\/\/coin-ecureuil.com\/wp-content\/uploads\/2016\/06\/Titre-Zelda-Sof-SOLUCE.png\"><img loading=\"lazy\" decoding=\"async\" class=\"size-full wp-image-915 aligncenter\" src=\"http:\/\/coin-ecureuil.com\/wp-content\/uploads\/2016\/06\/Titre-Zelda-Sof-SOLUCE.png\" alt=\"Titre Zelda Sof SOLUCE\" width=\"646\" height=\"233\" srcset=\"http:\/\/coin-ecureuil.com\/wp-content\/uploads\/2016\/06\/Titre-Zelda-Sof-SOLUCE.png 646w, http:\/\/coin-ecureuil.com\/wp-content\/uploads\/2016\/06\/Titre-Zelda-Sof-SOLUCE-300x108.png 300w\" sizes=\"auto, (max-width: 646px) 100vw, 646px\" \/><\/a><\/p>\n<p style=\"text-align: center;\">\u2500\u2500\u2500\u2500\u2500\u2500\u2500\u2500\u2500\u2500\u2500\u2500\u2500\u2500\u2500\u2500\u2500\u2500\u2500\u2500\u2500\u2500\u2500\u2500\u2500\u2500\u2500\u2500\u2500\u2500\u2500\u2500\u2500\u2500\u2500\u2500\u2500\u2500\u2500\u2500\u2500\u2500<\/p>\n<p style=\"text-align: center;\"><strong><a href=\"http:\/\/coin-ecureuil.com\/?p=78\">PR\u00c9SENTATION<\/a>\u00a0\u00a0|\u00a0 <a href=\"http:\/\/coin-ecureuil.com\/?page_id=946\">GALERIE<\/a>\u00a0\u00a0|\u00a0 <a href=\"http:\/\/coin-ecureuil.com\/?page_id=243\">NOTICE<\/a>\u00a0\u00a0|\u00a0 <a href=\"http:\/\/coin-ecureuil.com\/?page_id=929\">T\u00c9L\u00c9CHARGEMENT<\/a>\u00a0 |\u00a0 <\/strong><a href=\"http:\/\/coin-ecureuil.com\/?page_id=809\">SOLUCE<\/a><\/p>\n<p style=\"text-align: center;\">\u2500\u2500\u2500\u2500\u2500\u2500\u2500\u2500\u2500\u2500\u2500\u2500\u2500\u2500\u2500\u2500\u2500\u2500\u2500\u2500\u2500\u2500\u2500\u2500\u2500\u2500\u2500\u2500\u2500\u2500\u2500\u2500\u2500\u2500\u2500\u2500\u2500\u2500\u2500\u2500\u2500\u2500<\/p>\n<p style=\"text-align: left;\">Voici la liste des 16 quarts de c\u0153ur que vous pouvez obtenir dans Zelda SoF.<\/p>\n<p style=\"text-align: left;\"><strong>Plaine<\/strong><br \/>\n1\/ Quelques fois un chat apparaitra dans le bas de la plaine. Jouez de l&rsquo;ocarina devant lui et vous donnera un quart de c\u0153ur.<\/p>\n<p style=\"text-align: left;\"><a href=\"http:\/\/coin-ecureuil.com\/wp-content\/uploads\/2016\/06\/SC-soluce_0021_Calque-17.png\"><img loading=\"lazy\" decoding=\"async\" class=\"alignnone size-full wp-image-1279\" src=\"http:\/\/coin-ecureuil.com\/wp-content\/uploads\/2016\/06\/SC-soluce_0021_Calque-17.png\" alt=\"SC-soluce_0021_Calque-17\" width=\"240\" height=\"160\" \/><\/a><br \/>\n2\/ Battez le facteur \u00e0 la course dans la plaine (\u00e0 gauche de la cit\u00e9). N&rsquo;est accessible que si vous avez d&rsquo;abord r\u00e9ussi son exercice mental dans la cit\u00e9.<\/p>\n<p style=\"text-align: left;\"><a href=\"http:\/\/coin-ecureuil.com\/wp-content\/uploads\/2016\/06\/SC-soluce_0019_Calque-19.png\"><img loading=\"lazy\" decoding=\"async\" class=\"alignnone size-full wp-image-1278\" src=\"http:\/\/coin-ecureuil.com\/wp-content\/uploads\/2016\/06\/SC-soluce_0019_Calque-19.png\" alt=\"SC-soluce_0019_Calque-19\" width=\"240\" height=\"160\" \/><\/a><a href=\"http:\/\/coin-ecureuil.com\/wp-content\/uploads\/2016\/06\/SC-soluce_0043_Calque-2.png\"><img loading=\"lazy\" decoding=\"async\" class=\"alignnone size-full wp-image-1296\" src=\"http:\/\/coin-ecureuil.com\/wp-content\/uploads\/2016\/06\/SC-soluce_0043_Calque-2.png\" alt=\"SC-soluce_0043_Calque-2\" width=\"240\" height=\"160\" \/><\/a><br \/>\n3\/ Dans la <a href=\"http:\/\/coin-ecureuil.com\/?page_id=1379\"><strong>caverne au tr\u00e9sors<\/strong><\/a>.<\/p>\n<p style=\"text-align: left;\"><a href=\"http:\/\/coin-ecureuil.com\/wp-content\/uploads\/2016\/06\/SC-soluce_0018_Calque-27.png\"><img loading=\"lazy\" decoding=\"async\" class=\"alignnone size-full wp-image-1269\" src=\"http:\/\/coin-ecureuil.com\/wp-content\/uploads\/2016\/06\/SC-soluce_0018_Calque-27.png\" alt=\"SC-soluce_0018_Calque-27\" width=\"240\" height=\"160\" \/><\/a><\/p>\n<p style=\"text-align: left;\"><strong>Colline aux songes<\/strong><br \/>\n4\/ Effectuez une roulade dans l&rsquo;arbre avec un quart de c\u0153ur dessus (juste \u00e0 gauche de l&rsquo;entr\u00e9e de la colline aux songes) pour le faire tomber.<\/p>\n<p style=\"text-align: left;\"><a href=\"http:\/\/coin-ecureuil.com\/wp-content\/uploads\/2016\/06\/Screenshot-soluce_0021_Calque-2.png\"><img loading=\"lazy\" decoding=\"async\" class=\"alignnone size-full wp-image-1277\" src=\"http:\/\/coin-ecureuil.com\/wp-content\/uploads\/2016\/06\/Screenshot-soluce_0021_Calque-2.png\" alt=\"Screenshot-soluce_0021_Calque-2\" width=\"240\" height=\"160\" \/><\/a><\/p>\n<p style=\"text-align: left;\"><strong>Cit\u00e9<\/strong><br \/>\n5\/ Vous pouvez en obtenir un en jouant \u00e0 la loterie.<\/p>\n<p style=\"text-align: left;\"><a href=\"http:\/\/coin-ecureuil.com\/wp-content\/uploads\/2016\/06\/Screenshot-soluce_0000_Calque-23.png\"><img loading=\"lazy\" decoding=\"async\" class=\"alignnone size-full wp-image-1262\" src=\"http:\/\/coin-ecureuil.com\/wp-content\/uploads\/2016\/06\/Screenshot-soluce_0000_Calque-23.png\" alt=\"Screenshot-soluce_0000_Calque-23\" width=\"240\" height=\"160\" \/><\/a><\/p>\n<p style=\"text-align: left;\">6\/ Faites rentrer toutes les poules dans le jardin et parlez \u00e0 la femme avec la cloche. Utilisez l&rsquo;arc pour les faire aller dans la direction que vous voulez.<\/p>\n<p style=\"text-align: left;\"><a href=\"http:\/\/coin-ecureuil.com\/wp-content\/uploads\/2016\/06\/SC-soluce_0035_Calque-3.png\"><img loading=\"lazy\" decoding=\"async\" class=\"alignnone size-full wp-image-1270\" src=\"http:\/\/coin-ecureuil.com\/wp-content\/uploads\/2016\/06\/SC-soluce_0035_Calque-3.png\" alt=\"SC-soluce_0035_Calque-3\" width=\"240\" height=\"160\" \/><\/a> <a href=\"http:\/\/coin-ecureuil.com\/wp-content\/uploads\/2016\/06\/SC-soluce_0034_Calque-4.png\"><img loading=\"lazy\" decoding=\"async\" class=\"alignnone size-full wp-image-1272\" src=\"http:\/\/coin-ecureuil.com\/wp-content\/uploads\/2016\/06\/SC-soluce_0034_Calque-4.png\" alt=\"SC-soluce_0034_Calque-4\" width=\"240\" height=\"160\" \/><\/a><br \/>\n7\/ Dans le palais des marchands, jouez de l&rsquo;ocarina devant l&rsquo;homme qui dit \u00eatre tourment\u00e9.<\/p>\n<p style=\"text-align: left;\"><a href=\"http:\/\/coin-ecureuil.com\/wp-content\/uploads\/2016\/06\/SC-soluce_0030_Calque-8.png\"><img loading=\"lazy\" decoding=\"async\" class=\"alignnone size-full wp-image-1273\" src=\"http:\/\/coin-ecureuil.com\/wp-content\/uploads\/2016\/06\/SC-soluce_0030_Calque-8.png\" alt=\"SC-soluce_0030_Calque-8\" width=\"240\" height=\"160\" \/><\/a><br \/>\n8\/ Achet\u00e9 \u00e0 la boutique pour 900 rubis.<\/p>\n<p style=\"text-align: left;\"><a href=\"http:\/\/coin-ecureuil.com\/wp-content\/uploads\/2016\/06\/SC-soluce_0003_Calque-42.png\"><img loading=\"lazy\" decoding=\"async\" class=\"alignnone size-full wp-image-1264\" src=\"http:\/\/coin-ecureuil.com\/wp-content\/uploads\/2016\/06\/SC-soluce_0003_Calque-42.png\" alt=\"SC-soluce_0003_Calque-42\" width=\"240\" height=\"160\" \/><\/a><\/p>\n<p style=\"text-align: left;\"><strong>Bosquet perdu<\/strong><br \/>\n9\/ Inversez le chemin pour acc\u00e9der au mont des disparus dans les bois perdus. Suivez : Haut, droite, droite, bas, droite, haut, droite.<\/p>\n<p style=\"text-align: left;\"><a href=\"http:\/\/coin-ecureuil.com\/wp-content\/uploads\/2016\/06\/SC-soluce_0014_Calque-24.png\"><img loading=\"lazy\" decoding=\"async\" class=\"alignnone size-full wp-image-1268\" src=\"http:\/\/coin-ecureuil.com\/wp-content\/uploads\/2016\/06\/SC-soluce_0014_Calque-24.png\" alt=\"SC-soluce_0014_Calque-24\" width=\"240\" height=\"160\" \/><\/a><\/p>\n<p style=\"text-align: left;\"><strong>Mont des disparus<\/strong><br \/>\n10\/ Ouvrez avec une petite clef le coffre rouge \u00e0 c\u00f4t\u00e9 de la maison du forgeron au mont des disparus.<\/p>\n<p style=\"text-align: left;\"><a href=\"http:\/\/coin-ecureuil.com\/wp-content\/uploads\/2016\/06\/SC-soluce_0013_Calque-25.png\"><img loading=\"lazy\" decoding=\"async\" class=\"alignnone size-full wp-image-1267\" src=\"http:\/\/coin-ecureuil.com\/wp-content\/uploads\/2016\/06\/SC-soluce_0013_Calque-25.png\" alt=\"SC-soluce_0013_Calque-25\" width=\"240\" height=\"160\" \/><\/a><br \/>\n11\/ Il y a un arbre avec une dalle \u00e0 sa gauche. Tuez toutes les chauves-souris pr\u00e9sentes sur cet arbre pour d\u00e9couvrir un quart de c\u0153ur.<\/p>\n<p style=\"text-align: left;\"><a href=\"http:\/\/coin-ecureuil.com\/wp-content\/uploads\/2016\/06\/SC-soluce_0010_Calque-28.png\"><img loading=\"lazy\" decoding=\"async\" class=\"alignnone size-full wp-image-1266\" src=\"http:\/\/coin-ecureuil.com\/wp-content\/uploads\/2016\/06\/SC-soluce_0010_Calque-28.png\" alt=\"SC-soluce_0010_Calque-28\" width=\"240\" height=\"160\" \/><\/a><br \/>\n12\/ Ouvrez un autre coffre rouge avec une petite clef au mont des disparus (juste en dessous du pont).<\/p>\n<p style=\"text-align: left;\"><a href=\"http:\/\/coin-ecureuil.com\/wp-content\/uploads\/2016\/06\/SC-soluce_0007_Calque-31.png\"><img loading=\"lazy\" decoding=\"async\" class=\"alignnone size-full wp-image-1265\" src=\"http:\/\/coin-ecureuil.com\/wp-content\/uploads\/2016\/06\/SC-soluce_0007_Calque-31.png\" alt=\"SC-soluce_0007_Calque-31\" width=\"240\" height=\"160\" \/><\/a><br \/>\n13\/ Placez une bombe sur le mur fractur\u00e9 \u00e0 droite de la caverne des tortur\u00e9s pour trouver un quart de c\u0153ur dans la maison de l\u2019Hermite.<\/p>\n<p style=\"text-align: left;\"><a href=\"http:\/\/coin-ecureuil.com\/wp-content\/uploads\/2016\/06\/SC-soluce_0004_Calque-34.png\"><img loading=\"lazy\" decoding=\"async\" class=\"alignnone size-full wp-image-1311\" src=\"http:\/\/coin-ecureuil.com\/wp-content\/uploads\/2016\/06\/SC-soluce_0004_Calque-34.png\" alt=\"SC-soluce_0004_Calque-34\" width=\"240\" height=\"160\" \/><\/a><a href=\"http:\/\/coin-ecureuil.com\/wp-content\/uploads\/2016\/06\/SC-soluce_0003_Calque-35.png\"><img loading=\"lazy\" decoding=\"async\" class=\"alignnone size-full wp-image-1263\" src=\"http:\/\/coin-ecureuil.com\/wp-content\/uploads\/2016\/06\/SC-soluce_0003_Calque-35.png\" alt=\"SC-soluce_0003_Calque-35\" width=\"240\" height=\"160\" \/><\/a><\/p>\n<p style=\"text-align: left;\"><strong>Mer de glace<\/strong><br \/>\n14\/ En haut, \u00e9quipez la cape pour passer une zone maudite et r\u00e9cup\u00e9rer un quart de c\u0153ur.<\/p>\n<p style=\"text-align: left;\"><a href=\"http:\/\/coin-ecureuil.com\/wp-content\/uploads\/2016\/06\/SC-soluce_0035_Calque-10.png\"><img loading=\"lazy\" decoding=\"async\" class=\"alignnone size-full wp-image-1271\" src=\"http:\/\/coin-ecureuil.com\/wp-content\/uploads\/2016\/06\/SC-soluce_0035_Calque-10.png\" alt=\"SC-soluce_0035_Calque-10\" width=\"240\" height=\"160\" \/><\/a><br \/>\n15\/ Mer de glace, un homme vous met au d\u00e9fis de tuer plus de 7 octorocks. Promenez-vous un peu partout dans la zone jusqu&rsquo;\u00e0 en tuer 8, un jongle vous indiquera quand vous aurez r\u00e9ussi. Revenez-vois l&rsquo;homme pour gagner un quart de c\u0153ur.<\/p>\n<p style=\"text-align: left;\"><a href=\"http:\/\/coin-ecureuil.com\/wp-content\/uploads\/2016\/06\/SC-soluce_0034_Calque-11.png\"><img loading=\"lazy\" decoding=\"async\" class=\"alignnone size-full wp-image-1275\" src=\"http:\/\/coin-ecureuil.com\/wp-content\/uploads\/2016\/06\/SC-soluce_0034_Calque-11.png\" alt=\"SC-soluce_0034_Calque-11\" width=\"240\" height=\"160\" \/><\/a> <a href=\"http:\/\/coin-ecureuil.com\/wp-content\/uploads\/2016\/06\/SC-soluce_0033_Calque-12.png\"><img loading=\"lazy\" decoding=\"async\" class=\"alignnone size-full wp-image-1274\" src=\"http:\/\/coin-ecureuil.com\/wp-content\/uploads\/2016\/06\/SC-soluce_0033_Calque-12.png\" alt=\"SC-soluce_0033_Calque-12\" width=\"240\" height=\"160\" \/><\/a><a href=\"http:\/\/coin-ecureuil.com\/wp-content\/uploads\/2016\/06\/SC-soluce_0022_Calque-23.png\"><img loading=\"lazy\" decoding=\"async\" class=\"alignnone size-full wp-image-1280\" src=\"http:\/\/coin-ecureuil.com\/wp-content\/uploads\/2016\/06\/SC-soluce_0022_Calque-23.png\" alt=\"SC-soluce_0022_Calque-23\" width=\"240\" height=\"160\" \/><\/a><br \/>\n16\/ R\u00e9compense avec 100 rubis et le coffre rouge pour avoir r\u00e9cup\u00e9r\u00e9 les 20 feu follets.<\/p>\n<p style=\"text-align: left;\"><a href=\"http:\/\/coin-ecureuil.com\/wp-content\/uploads\/2016\/06\/SC-soluce_0013_Calque-9.png\"><img loading=\"lazy\" decoding=\"async\" class=\"alignnone size-full wp-image-1276\" src=\"http:\/\/coin-ecureuil.com\/wp-content\/uploads\/2016\/06\/SC-soluce_0013_Calque-9.png\" alt=\"SC-soluce_0013_Calque-9\" width=\"240\" height=\"160\" \/><\/a><\/p>\n<p style=\"text-align: right;\"><em><strong><a href=\"http:\/\/coin-ecureuil.com\/?page_id=809\">Retour \u00e0 l&rsquo;index<\/a><\/strong><\/em><\/p>\n<p style=\"text-align: left;\">\u2500\u2500\u2500\u2500\u2500\u2500\u2500\u2500\u2500\u2500\u2500\u2500\u2500\u2500\u2500\u2500\u2500\u2500\u2500\u2500\u2500\u2500\u2500\u2500\u2500\u2500\u2500\u2500\u2500\u2500\u2500\u2500\u2500\u2500\u2500\u2500\u2500\u2500\u2500\u2500\u2500\u2500\u2500<\/p>\n","protected":false},"excerpt":{"rendered":"<p>\u2500\u2500\u2500\u2500\u2500\u2500\u2500\u2500\u2500\u2500\u2500\u2500\u2500\u2500\u2500\u2500\u2500\u2500\u2500\u2500\u2500\u2500\u2500\u2500\u2500\u2500\u2500\u2500\u2500\u2500\u2500\u2500\u2500\u2500\u2500\u2500\u2500\u2500\u2500\u2500\u2500\u2500 PR\u00c9SENTATION\u00a0\u00a0|\u00a0 GALERIE\u00a0\u00a0|\u00a0 NOTICE\u00a0\u00a0|\u00a0 T\u00c9L\u00c9CHARGEMENT\u00a0 |\u00a0 SOLUCE \u2500\u2500\u2500\u2500\u2500\u2500\u2500\u2500\u2500\u2500\u2500\u2500\u2500\u2500\u2500\u2500\u2500\u2500\u2500\u2500\u2500\u2500\u2500\u2500\u2500\u2500\u2500\u2500\u2500\u2500\u2500\u2500\u2500\u2500\u2500\u2500\u2500\u2500\u2500\u2500\u2500\u2500 Voici la liste des 16 quarts de c\u0153ur que vous pouvez obtenir dans Zelda SoF. Plaine 1\/ Quelques fois un chat apparaitra dans le bas de la plaine. Jouez de l&rsquo;ocarina devant lui et vous donnera un quart de c\u0153ur. 2\/ Battez le facteur \u00e0 la course [&hellip;]<\/p>\n","protected":false},"author":1,"featured_media":0,"parent":0,"menu_order":0,"comment_status":"closed","ping_status":"closed","template":"","meta":{"footnotes":""},"class_list":["post-1257","page","type-page","status-publish","hentry"],"_links":{"self":[{"href":"http:\/\/coin-ecureuil.com\/index.php?rest_route=\/wp\/v2\/pages\/1257","targetHints":{"allow":["GET"]}}],"collection":[{"href":"http:\/\/coin-ecureuil.com\/index.php?rest_route=\/wp\/v2\/pages"}],"about":[{"href":"http:\/\/coin-ecureuil.com\/index.php?rest_route=\/wp\/v2\/types\/page"}],"author":[{"embeddable":true,"href":"http:\/\/coin-ecureuil.com\/index.php?rest_route=\/wp\/v2\/users\/1"}],"replies":[{"embeddable":true,"href":"http:\/\/coin-ecureuil.com\/index.php?rest_route=%2Fwp%2Fv2%2Fcomments&post=1257"}],"version-history":[{"count":11,"href":"http:\/\/coin-ecureuil.com\/index.php?rest_route=\/wp\/v2\/pages\/1257\/revisions"}],"predecessor-version":[{"id":1415,"href":"http:\/\/coin-ecureuil.com\/index.php?rest_route=\/wp\/v2\/pages\/1257\/revisions\/1415"}],"wp:attachment":[{"href":"http:\/\/coin-ecureuil.com\/index.php?rest_route=%2Fwp%2Fv2%2Fmedia&parent=1257"}],"curies":[{"name":"wp","href":"https:\/\/api.w.org\/{rel}","templated":true}]}}