{"id":1424,"date":"2016-07-04T00:43:54","date_gmt":"2016-07-04T00:43:54","guid":{"rendered":"http:\/\/coin-ecureuil.com\/?page_id=1424"},"modified":"2016-07-04T00:53:30","modified_gmt":"2016-07-04T00:53:30","slug":"carte-detaillee","status":"publish","type":"page","link":"http:\/\/coin-ecureuil.com\/?page_id=1424","title":{"rendered":"Carte d\u00e9taill\u00e9e"},"content":{"rendered":"<p><a href=\"http:\/\/coin-ecureuil.com\/wp-content\/uploads\/2016\/06\/Titre-Zelda-Sof-SOLUCE.png\"><img loading=\"lazy\" decoding=\"async\" class=\"size-full wp-image-915 aligncenter\" src=\"http:\/\/coin-ecureuil.com\/wp-content\/uploads\/2016\/06\/Titre-Zelda-Sof-SOLUCE.png\" alt=\"Titre Zelda Sof SOLUCE\" width=\"646\" height=\"233\" srcset=\"http:\/\/coin-ecureuil.com\/wp-content\/uploads\/2016\/06\/Titre-Zelda-Sof-SOLUCE.png 646w, http:\/\/coin-ecureuil.com\/wp-content\/uploads\/2016\/06\/Titre-Zelda-Sof-SOLUCE-300x108.png 300w\" sizes=\"auto, (max-width: 646px) 100vw, 646px\" \/><\/a><\/p>\n<p style=\"text-align: center;\">\u2500\u2500\u2500\u2500\u2500\u2500\u2500\u2500\u2500\u2500\u2500\u2500\u2500\u2500\u2500\u2500\u2500\u2500\u2500\u2500\u2500\u2500\u2500\u2500\u2500\u2500\u2500\u2500\u2500\u2500\u2500\u2500\u2500\u2500\u2500\u2500\u2500\u2500\u2500\u2500\u2500\u2500<\/p>\n<p style=\"text-align: center;\"><strong><a href=\"http:\/\/coin-ecureuil.com\/?p=78\">PR\u00c9SENTATION<\/a>\u00a0\u00a0|\u00a0 <a href=\"http:\/\/coin-ecureuil.com\/?page_id=946\">GALERIE<\/a>\u00a0\u00a0|\u00a0 <a href=\"http:\/\/coin-ecureuil.com\/?page_id=243\">NOTICE<\/a>\u00a0\u00a0|\u00a0 <a href=\"http:\/\/coin-ecureuil.com\/?page_id=929\">T\u00c9L\u00c9CHARGEMENT<\/a>\u00a0 |\u00a0 <\/strong><a href=\"http:\/\/coin-ecureuil.com\/?page_id=809\">SOLUCE<\/a><\/p>\n<p style=\"text-align: center;\">\u2500\u2500\u2500\u2500\u2500\u2500\u2500\u2500\u2500\u2500\u2500\u2500\u2500\u2500\u2500\u2500\u2500\u2500\u2500\u2500\u2500\u2500\u2500\u2500\u2500\u2500\u2500\u2500\u2500\u2500\u2500\u2500\u2500\u2500\u2500\u2500\u2500\u2500\u2500\u2500\u2500\u2500<\/p>\n<p style=\"text-align: left;\">Vous trouverez ici un plan d\u00e9taill\u00e9 de Semytia avec tous les objets r\u00e9coltables. Cliquez sur les images pour les voir en grand. Les cartes d\u00e9taill\u00e9es des donjons sont dans leur partie de soluce respective.<\/p>\n<p style=\"text-align: left;\"><strong>Ranch de Moka<\/strong><\/p>\n<p style=\"text-align: left;\"><a href=\"http:\/\/coin-ecureuil.com\/wp-content\/uploads\/2016\/07\/Cartes-01.png\"><img loading=\"lazy\" decoding=\"async\" class=\"alignnone wp-image-1461\" src=\"http:\/\/coin-ecureuil.com\/wp-content\/uploads\/2016\/07\/Cartes-01.png\" alt=\"Cartes-01\" width=\"450\" height=\"449\" srcset=\"http:\/\/coin-ecureuil.com\/wp-content\/uploads\/2016\/07\/Cartes-01.png 498w, http:\/\/coin-ecureuil.com\/wp-content\/uploads\/2016\/07\/Cartes-01-150x150.png 150w, http:\/\/coin-ecureuil.com\/wp-content\/uploads\/2016\/07\/Cartes-01-300x300.png 300w\" sizes=\"auto, (max-width: 450px) 100vw, 450px\" \/><\/a><\/p>\n<p style=\"text-align: left;\"><strong>\u00a0Plaine de Semytia<\/strong><\/p>\n<p style=\"text-align: left;\">\u00a0<a href=\"http:\/\/coin-ecureuil.com\/wp-content\/uploads\/2016\/07\/Cartes-02.png\"><img loading=\"lazy\" decoding=\"async\" class=\"alignnone wp-image-1462\" src=\"http:\/\/coin-ecureuil.com\/wp-content\/uploads\/2016\/07\/Cartes-02.png\" alt=\"Cartes-02\" width=\"450\" height=\"310\" srcset=\"http:\/\/coin-ecureuil.com\/wp-content\/uploads\/2016\/07\/Cartes-02.png 1801w, http:\/\/coin-ecureuil.com\/wp-content\/uploads\/2016\/07\/Cartes-02-300x206.png 300w, http:\/\/coin-ecureuil.com\/wp-content\/uploads\/2016\/07\/Cartes-02-768x528.png 768w, http:\/\/coin-ecureuil.com\/wp-content\/uploads\/2016\/07\/Cartes-02-1024x704.png 1024w\" sizes=\"auto, (max-width: 450px) 100vw, 450px\" \/><\/a><\/p>\n<p style=\"text-align: left;\"><strong>Cit\u00e9 de Semytia<\/strong><\/p>\n<p style=\"text-align: left;\"><a href=\"http:\/\/coin-ecureuil.com\/wp-content\/uploads\/2016\/07\/Cartes-04.png\"><img loading=\"lazy\" decoding=\"async\" class=\"alignnone wp-image-1464\" src=\"http:\/\/coin-ecureuil.com\/wp-content\/uploads\/2016\/07\/Cartes-04.png\" alt=\"Cartes-04\" width=\"450\" height=\"289\" srcset=\"http:\/\/coin-ecureuil.com\/wp-content\/uploads\/2016\/07\/Cartes-04.png 700w, http:\/\/coin-ecureuil.com\/wp-content\/uploads\/2016\/07\/Cartes-04-300x193.png 300w\" sizes=\"auto, (max-width: 450px) 100vw, 450px\" \/><\/a><\/p>\n<p style=\"text-align: left;\"><strong>Colline aux songes<\/strong><\/p>\n<p style=\"text-align: left;\"><a href=\"http:\/\/coin-ecureuil.com\/wp-content\/uploads\/2016\/07\/Cartes-07.png\"><img loading=\"lazy\" decoding=\"async\" class=\"alignnone wp-image-1467\" src=\"http:\/\/coin-ecureuil.com\/wp-content\/uploads\/2016\/07\/Cartes-07.png\" alt=\"Cartes-07\" width=\"450\" height=\"305\" srcset=\"http:\/\/coin-ecureuil.com\/wp-content\/uploads\/2016\/07\/Cartes-07.png 1038w, http:\/\/coin-ecureuil.com\/wp-content\/uploads\/2016\/07\/Cartes-07-300x203.png 300w, http:\/\/coin-ecureuil.com\/wp-content\/uploads\/2016\/07\/Cartes-07-768x521.png 768w, http:\/\/coin-ecureuil.com\/wp-content\/uploads\/2016\/07\/Cartes-07-1024x695.png 1024w\" sizes=\"auto, (max-width: 450px) 100vw, 450px\" \/><\/a><\/p>\n<p style=\"text-align: left;\"><strong>Mont des disparus<\/strong><\/p>\n<p style=\"text-align: left;\"><a href=\"http:\/\/coin-ecureuil.com\/wp-content\/uploads\/2016\/07\/Cartes-pt2-01.png\"><img loading=\"lazy\" decoding=\"async\" class=\"alignnone wp-image-1451\" src=\"http:\/\/coin-ecureuil.com\/wp-content\/uploads\/2016\/07\/Cartes-pt2-01.png\" alt=\"Cartes pt2-01\" width=\"450\" height=\"659\" srcset=\"http:\/\/coin-ecureuil.com\/wp-content\/uploads\/2016\/07\/Cartes-pt2-01.png 1003w, http:\/\/coin-ecureuil.com\/wp-content\/uploads\/2016\/07\/Cartes-pt2-01-205x300.png 205w, http:\/\/coin-ecureuil.com\/wp-content\/uploads\/2016\/07\/Cartes-pt2-01-768x1124.png 768w, http:\/\/coin-ecureuil.com\/wp-content\/uploads\/2016\/07\/Cartes-pt2-01-700x1024.png 700w\" sizes=\"auto, (max-width: 450px) 100vw, 450px\" \/><\/a><\/p>\n<p style=\"text-align: left;\"><strong>Mer de glace<\/strong><\/p>\n<p style=\"text-align: left;\"><a href=\"http:\/\/coin-ecureuil.com\/wp-content\/uploads\/2016\/07\/Cartes-pt2-07.png\"><img loading=\"lazy\" decoding=\"async\" class=\"alignnone wp-image-1457\" src=\"http:\/\/coin-ecureuil.com\/wp-content\/uploads\/2016\/07\/Cartes-pt2-07.png\" alt=\"Cartes pt2-07\" width=\"450\" height=\"320\" srcset=\"http:\/\/coin-ecureuil.com\/wp-content\/uploads\/2016\/07\/Cartes-pt2-07.png 1740w, http:\/\/coin-ecureuil.com\/wp-content\/uploads\/2016\/07\/Cartes-pt2-07-300x213.png 300w, http:\/\/coin-ecureuil.com\/wp-content\/uploads\/2016\/07\/Cartes-pt2-07-768x546.png 768w, http:\/\/coin-ecureuil.com\/wp-content\/uploads\/2016\/07\/Cartes-pt2-07-1024x728.png 1024w\" sizes=\"auto, (max-width: 450px) 100vw, 450px\" \/><\/a><\/p>\n<p>&nbsp;<\/p>\n<p style=\"text-align: right;\"><em><strong><a href=\"http:\/\/coin-ecureuil.com\/?page_id=809\">Retour \u00e0 l&rsquo;index<\/a><\/strong><\/em><\/p>\n<p>\u2500\u2500\u2500\u2500\u2500\u2500\u2500\u2500\u2500\u2500\u2500\u2500\u2500\u2500\u2500\u2500\u2500\u2500\u2500\u2500\u2500\u2500\u2500\u2500\u2500\u2500\u2500\u2500\u2500\u2500\u2500\u2500\u2500\u2500\u2500\u2500\u2500\u2500\u2500\u2500\u2500\u2500\u2500<\/p>\n","protected":false},"excerpt":{"rendered":"<p>\u2500\u2500\u2500\u2500\u2500\u2500\u2500\u2500\u2500\u2500\u2500\u2500\u2500\u2500\u2500\u2500\u2500\u2500\u2500\u2500\u2500\u2500\u2500\u2500\u2500\u2500\u2500\u2500\u2500\u2500\u2500\u2500\u2500\u2500\u2500\u2500\u2500\u2500\u2500\u2500\u2500\u2500 PR\u00c9SENTATION\u00a0\u00a0|\u00a0 GALERIE\u00a0\u00a0|\u00a0 NOTICE\u00a0\u00a0|\u00a0 T\u00c9L\u00c9CHARGEMENT\u00a0 |\u00a0 SOLUCE \u2500\u2500\u2500\u2500\u2500\u2500\u2500\u2500\u2500\u2500\u2500\u2500\u2500\u2500\u2500\u2500\u2500\u2500\u2500\u2500\u2500\u2500\u2500\u2500\u2500\u2500\u2500\u2500\u2500\u2500\u2500\u2500\u2500\u2500\u2500\u2500\u2500\u2500\u2500\u2500\u2500\u2500 Vous trouverez ici un plan d\u00e9taill\u00e9 de Semytia avec tous les objets r\u00e9coltables. Cliquez sur les images pour les voir en grand. Les cartes d\u00e9taill\u00e9es des donjons sont dans leur partie de soluce respective. Ranch de Moka \u00a0Plaine de Semytia \u00a0 Cit\u00e9 de Semytia Colline aux songes [&hellip;]<\/p>\n","protected":false},"author":1,"featured_media":0,"parent":0,"menu_order":0,"comment_status":"closed","ping_status":"closed","template":"","meta":{"footnotes":""},"class_list":["post-1424","page","type-page","status-publish","hentry"],"_links":{"self":[{"href":"http:\/\/coin-ecureuil.com\/index.php?rest_route=\/wp\/v2\/pages\/1424","targetHints":{"allow":["GET"]}}],"collection":[{"href":"http:\/\/coin-ecureuil.com\/index.php?rest_route=\/wp\/v2\/pages"}],"about":[{"href":"http:\/\/coin-ecureuil.com\/index.php?rest_route=\/wp\/v2\/types\/page"}],"author":[{"embeddable":true,"href":"http:\/\/coin-ecureuil.com\/index.php?rest_route=\/wp\/v2\/users\/1"}],"replies":[{"embeddable":true,"href":"http:\/\/coin-ecureuil.com\/index.php?rest_route=%2Fwp%2Fv2%2Fcomments&post=1424"}],"version-history":[{"count":5,"href":"http:\/\/coin-ecureuil.com\/index.php?rest_route=\/wp\/v2\/pages\/1424\/revisions"}],"predecessor-version":[{"id":1476,"href":"http:\/\/coin-ecureuil.com\/index.php?rest_route=\/wp\/v2\/pages\/1424\/revisions\/1476"}],"wp:attachment":[{"href":"http:\/\/coin-ecureuil.com\/index.php?rest_route=%2Fwp%2Fv2%2Fmedia&parent=1424"}],"curies":[{"name":"wp","href":"https:\/\/api.w.org\/{rel}","templated":true}]}}